{"id":56,"date":"2026-03-20T08:15:45","date_gmt":"2026-03-20T07:15:45","guid":{"rendered":"https:\/\/energetikweglehner.at\/?page_id=56"},"modified":"2026-03-22T12:58:44","modified_gmt":"2026-03-22T11:58:44","slug":"goettliche-quelle","status":"publish","type":"page","link":"https:\/\/energetikweglehner.at\/en\/goettliche-quelle\/","title":{"rendered":"All Connected"},"content":{"rendered":"<h2 class=\"wp-block-heading\">All Connected<\/h2>\n\n\n\n<p>Each image in this series is a window to the Divine Source \u2013 that invisible force from which all life springs.<br>The works reveal not only the visible, but also the hidden: the flow, the connection, and the energy that underlies everything.<\/p>\n\n\n\n<p>The series invites viewers to pause, feel, and recognize themselves as part of the whole.<br>What is veiled becomes visible, what is hidden becomes tangible \u2013 the source itself remains intangible, yet touchable in every image.<\/p>\n\n\n\n<p>Every work is a call to connection: to ourselves, to each other, and to the original power that sustains everything, the origin of all life.<\/p>\n\n\n\n<p><\/p>\n\n\n\n<figure class=\"wp-block-gallery has-nested-images columns-default is-cropped wp-block-gallery-1 is-layout-flex wp-block-gallery-is-layout-flex\">\n<figure data-wp-context=\"{&quot;imageId&quot;:&quot;69dba808a7238&quot;}\" data-wp-interactive=\"core\/image\" data-wp-key=\"69dba808a7238\" class=\"wp-block-image size-large wp-lightbox-container\"><img loading=\"lazy\" decoding=\"async\" width=\"1024\" height=\"768\" data-wp-class--hide=\"state.isContentHidden\" data-wp-class--show=\"state.isContentVisible\" data-wp-init=\"callbacks.setButtonStyles\" data-wp-on--click=\"actions.showLightbox\" data-wp-on--load=\"callbacks.setButtonStyles\" data-wp-on-window--resize=\"callbacks.setButtonStyles\" data-id=\"57\" src=\"https:\/\/energetikweglehner.at\/wp-content\/uploads\/2026\/03\/Source-of-light-Lichtquelle-Lichtkammer--1024x768.jpg\" alt=\"Source of light - Lichtquelle Lichtkammer\" class=\"wp-image-57\" srcset=\"https:\/\/energetikweglehner.at\/wp-content\/uploads\/2026\/03\/Source-of-light-Lichtquelle-Lichtkammer--1024x768.jpg 1024w, https:\/\/energetikweglehner.at\/wp-content\/uploads\/2026\/03\/Source-of-light-Lichtquelle-Lichtkammer--300x225.jpg 300w, https:\/\/energetikweglehner.at\/wp-content\/uploads\/2026\/03\/Source-of-light-Lichtquelle-Lichtkammer--768x576.jpg 768w, https:\/\/energetikweglehner.at\/wp-content\/uploads\/2026\/03\/Source-of-light-Lichtquelle-Lichtkammer--1140x855.jpg 1140w, https:\/\/energetikweglehner.at\/wp-content\/uploads\/2026\/03\/Source-of-light-Lichtquelle-Lichtkammer-.jpg 1440w\" sizes=\"auto, (max-width: 1024px) 100vw, 1024px\" \/><button\n\t\t\tclass=\"lightbox-trigger\"\n\t\t\ttype=\"button\"\n\t\t\taria-haspopup=\"dialog\"\n\t\t\taria-label=\"Enlarge\"\n\t\t\tdata-wp-init=\"callbacks.initTriggerButton\"\n\t\t\tdata-wp-on--click=\"actions.showLightbox\"\n\t\t\tdata-wp-style--right=\"state.imageButtonRight\"\n\t\t\tdata-wp-style--top=\"state.imageButtonTop\"\n\t\t>\n\t\t\t<svg xmlns=\"http:\/\/www.w3.org\/2000\/svg\" width=\"12\" height=\"12\" fill=\"none\" viewbox=\"0 0 12 12\">\n\t\t\t\t<path fill=\"#fff\" d=\"M2 0a2 2 0 0 0-2 2v2h1.5V2a.5.5 0 0 1 .5-.5h2V0H2Zm2 10.5H2a.5.5 0 0 1-.5-.5V8H0v2a2 2 0 0 0 2 2h2v-1.5ZM8 12v-1.5h2a.5.5 0 0 0 .5-.5V8H12v2a2 2 0 0 1-2 2H8Zm2-12a2 2 0 0 1 2 2v2h-1.5V2a.5.5 0 0 0-.5-.5H8V0h2Z\" \/>\n\t\t\t<\/svg>\n\t\t<\/button><figcaption class=\"wp-element-caption\">Source of light \u2013<br>LICHTQUELLE<\/figcaption><\/figure>\n\n\n\n<figure data-wp-context=\"{&quot;imageId&quot;:&quot;69dba808a8273&quot;}\" data-wp-interactive=\"core\/image\" data-wp-key=\"69dba808a8273\" class=\"wp-block-image size-large wp-lightbox-container\"><img loading=\"lazy\" decoding=\"async\" width=\"768\" height=\"1024\" data-wp-class--hide=\"state.isContentHidden\" data-wp-class--show=\"state.isContentVisible\" data-wp-init=\"callbacks.setButtonStyles\" data-wp-on--click=\"actions.showLightbox\" data-wp-on--load=\"callbacks.setButtonStyles\" data-wp-on-window--resize=\"callbacks.setButtonStyles\" data-id=\"58\" src=\"https:\/\/energetikweglehner.at\/wp-content\/uploads\/2026\/03\/Invincible-Power-Anahata-unverletzte-Kraft--768x1024.jpeg\" alt=\"Invincible Power Anahata - Unverletzte Kraft\" class=\"wp-image-58\" srcset=\"https:\/\/energetikweglehner.at\/wp-content\/uploads\/2026\/03\/Invincible-Power-Anahata-unverletzte-Kraft--768x1024.jpeg 768w, https:\/\/energetikweglehner.at\/wp-content\/uploads\/2026\/03\/Invincible-Power-Anahata-unverletzte-Kraft--225x300.jpeg 225w, https:\/\/energetikweglehner.at\/wp-content\/uploads\/2026\/03\/Invincible-Power-Anahata-unverletzte-Kraft--rotated.jpeg 1080w\" sizes=\"auto, (max-width: 768px) 100vw, 768px\" \/><button\n\t\t\tclass=\"lightbox-trigger\"\n\t\t\ttype=\"button\"\n\t\t\taria-haspopup=\"dialog\"\n\t\t\taria-label=\"Enlarge\"\n\t\t\tdata-wp-init=\"callbacks.initTriggerButton\"\n\t\t\tdata-wp-on--click=\"actions.showLightbox\"\n\t\t\tdata-wp-style--right=\"state.imageButtonRight\"\n\t\t\tdata-wp-style--top=\"state.imageButtonTop\"\n\t\t>\n\t\t\t<svg xmlns=\"http:\/\/www.w3.org\/2000\/svg\" width=\"12\" height=\"12\" fill=\"none\" viewbox=\"0 0 12 12\">\n\t\t\t\t<path fill=\"#fff\" d=\"M2 0a2 2 0 0 0-2 2v2h1.5V2a.5.5 0 0 1 .5-.5h2V0H2Zm2 10.5H2a.5.5 0 0 1-.5-.5V8H0v2a2 2 0 0 0 2 2h2v-1.5ZM8 12v-1.5h2a.5.5 0 0 0 .5-.5V8H12v2a2 2 0 0 1-2 2H8Zm2-12a2 2 0 0 1 2 2v2h-1.5V2a.5.5 0 0 0-.5-.5H8V0h2Z\" \/>\n\t\t\t<\/svg>\n\t\t<\/button><figcaption class=\"wp-element-caption\">Invincible Power \u2013 Anahata \u2013<br>UNVERLETZLICHE KRAFT<\/figcaption><\/figure>\n\n\n\n<figure data-wp-context=\"{&quot;imageId&quot;:&quot;69dba808a86b1&quot;}\" data-wp-interactive=\"core\/image\" data-wp-key=\"69dba808a86b1\" class=\"wp-block-image size-large wp-lightbox-container\"><img loading=\"lazy\" decoding=\"async\" width=\"1024\" height=\"768\" data-wp-class--hide=\"state.isContentHidden\" data-wp-class--show=\"state.isContentVisible\" data-wp-init=\"callbacks.setButtonStyles\" data-wp-on--click=\"actions.showLightbox\" data-wp-on--load=\"callbacks.setButtonStyles\" data-wp-on-window--resize=\"callbacks.setButtonStyles\" data-id=\"54\" src=\"https:\/\/energetikweglehner.at\/wp-content\/uploads\/2026\/03\/Cosmic-View-kosmischer-Blick--1024x768.jpg\" alt=\"Cosmic View - Kosmischer-Blick\" class=\"wp-image-54\" srcset=\"https:\/\/energetikweglehner.at\/wp-content\/uploads\/2026\/03\/Cosmic-View-kosmischer-Blick--1024x768.jpg 1024w, https:\/\/energetikweglehner.at\/wp-content\/uploads\/2026\/03\/Cosmic-View-kosmischer-Blick--300x225.jpg 300w, https:\/\/energetikweglehner.at\/wp-content\/uploads\/2026\/03\/Cosmic-View-kosmischer-Blick--768x576.jpg 768w, https:\/\/energetikweglehner.at\/wp-content\/uploads\/2026\/03\/Cosmic-View-kosmischer-Blick--1140x855.jpg 1140w, https:\/\/energetikweglehner.at\/wp-content\/uploads\/2026\/03\/Cosmic-View-kosmischer-Blick--rotated.jpg 1440w\" sizes=\"auto, (max-width: 1024px) 100vw, 1024px\" \/><button\n\t\t\tclass=\"lightbox-trigger\"\n\t\t\ttype=\"button\"\n\t\t\taria-haspopup=\"dialog\"\n\t\t\taria-label=\"Enlarge\"\n\t\t\tdata-wp-init=\"callbacks.initTriggerButton\"\n\t\t\tdata-wp-on--click=\"actions.showLightbox\"\n\t\t\tdata-wp-style--right=\"state.imageButtonRight\"\n\t\t\tdata-wp-style--top=\"state.imageButtonTop\"\n\t\t>\n\t\t\t<svg xmlns=\"http:\/\/www.w3.org\/2000\/svg\" width=\"12\" height=\"12\" fill=\"none\" viewbox=\"0 0 12 12\">\n\t\t\t\t<path fill=\"#fff\" d=\"M2 0a2 2 0 0 0-2 2v2h1.5V2a.5.5 0 0 1 .5-.5h2V0H2Zm2 10.5H2a.5.5 0 0 1-.5-.5V8H0v2a2 2 0 0 0 2 2h2v-1.5ZM8 12v-1.5h2a.5.5 0 0 0 .5-.5V8H12v2a2 2 0 0 1-2 2H8Zm2-12a2 2 0 0 1 2 2v2h-1.5V2a.5.5 0 0 0-.5-.5H8V0h2Z\" \/>\n\t\t\t<\/svg>\n\t\t<\/button><figcaption class=\"wp-element-caption\">Cosmic view \u2013<br>KOSMISCHER BLICK<\/figcaption><\/figure>\n<\/figure>","protected":false},"excerpt":{"rendered":"<p>G\u00f6ttliche Quelle Jedes Bild dieser Serie ist ein Fenster zur G\u00f6ttlichen Quelle \u2013 jener unsichtbaren Kraft, aus der alles Leben entspringt.Die Werke zeigen nicht nur das Sichtbare, sondern das Verborgene: den Fluss, die Verbindung und die Energie, die allem zugrunde liegt. Die Serie l\u00e4dt ein, innezuhalten, zu f\u00fchlen und sich selbst als Teil des Ganzen zu erkennen.Verh\u00fclltes wird sichtbar, Verborgenes sp\u00fcrbar \u2013 die Quelle selbst bleibt ungreifbar, doch in jedem Bild ber\u00fchrbar. Jedes Werk ist ein Ruf zur Verbindung: zu uns selbst, zueinander und zur urspr\u00fcnglichen Kraft, die alles tr\u00e4gt, der Ursprung allen Lebens.<\/p>","protected":false},"author":1,"featured_media":0,"parent":0,"menu_order":0,"comment_status":"closed","ping_status":"closed","template":"","meta":{"footnotes":""},"class_list":["post-56","page","type-page","status-publish","hentry"],"_links":{"self":[{"href":"https:\/\/energetikweglehner.at\/en\/wp-json\/wp\/v2\/pages\/56","targetHints":{"allow":["GET"]}}],"collection":[{"href":"https:\/\/energetikweglehner.at\/en\/wp-json\/wp\/v2\/pages"}],"about":[{"href":"https:\/\/energetikweglehner.at\/en\/wp-json\/wp\/v2\/types\/page"}],"author":[{"embeddable":true,"href":"https:\/\/energetikweglehner.at\/en\/wp-json\/wp\/v2\/users\/1"}],"replies":[{"embeddable":true,"href":"https:\/\/energetikweglehner.at\/en\/wp-json\/wp\/v2\/comments?post=56"}],"version-history":[{"count":3,"href":"https:\/\/energetikweglehner.at\/en\/wp-json\/wp\/v2\/pages\/56\/revisions"}],"predecessor-version":[{"id":144,"href":"https:\/\/energetikweglehner.at\/en\/wp-json\/wp\/v2\/pages\/56\/revisions\/144"}],"wp:attachment":[{"href":"https:\/\/energetikweglehner.at\/en\/wp-json\/wp\/v2\/media?parent=56"}],"curies":[{"name":"wp","href":"https:\/\/api.w.org\/{rel}","templated":true}]}}