{"id":36,"date":"2026-03-20T07:59:42","date_gmt":"2026-03-20T06:59:42","guid":{"rendered":"https:\/\/energetikweglehner.at\/?page_id=36"},"modified":"2026-03-20T16:08:57","modified_gmt":"2026-03-20T15:08:57","slug":"ueber-mich","status":"publish","type":"page","link":"https:\/\/energetikweglehner.at\/en\/energetik-weglehner\/ueber-mich\/","title":{"rendered":"About my artistic journey"},"content":{"rendered":"<p>I was allowed to accompany my older sister, Manuela Eibensteiner, to her exhibition in Venice.<br>Due to many experiences and statements from other people \u2013 that I couldn't do this or that \u2013 I believed for a long time that I couldn't paint. And yet, it always brought me great joy in the quiet of my own room.<\/p>\n\n\n\n<p>What happened in the gallery in Venice is almost impossible to put into words.<br>I dared to show my sister my newly created lion power image and ask her what she thought of it.<\/p>\n\n\n\n<p>I saw pure joy in her eyes.<br>That gave me the courage to show my picture to the gallery director \u2013 rather cheekily and without great expectations.<\/p>\n\n\n\n<p>Oh my God... he was impressed too.<\/p>\n\n\n\n<p>Incredulous, I asked him if he was serious and if he really liked my work.<br>He affirmed again \u2013 and urged me to continue, to create even more works and even to think about my own exhibition.<\/p>\n\n\n\n<p>At that moment, I was completely overwhelmed. How was I supposed to manage that time-wise?<\/p>\n\n\n\n<p>But what followed from that point on \u2013 from September 2025 to the present day \u2013 is pure energy.<\/p>\n\n\n\n<p>I have created a great many works by now. I can't explain where this energy and time come from. It fills me with deep joy, and I am inspired anew every day. If I run out of canvases at home, I immediately buy a new one.<\/p>\n\n\n\n<p>I also sincerely thank my husband, who always lovingly and actively supports me.<\/p>\n\n\n\n<p>I am especially happy to have my daughter by my side as marketing support. It fills me with great joy that I have been able to inspire and motivate her to become creative herself and create her own works.<\/p>\n\n\n\n<p>Here is a small excerpt. <\/p>\n\n\n\n<figure class=\"wp-block-gallery has-nested-images columns-4 is-cropped wp-block-gallery-1 is-layout-flex wp-block-gallery-is-layout-flex\">\n<figure data-wp-context=\"{&quot;imageId&quot;:&quot;69dba61dab7b4&quot;}\" data-wp-interactive=\"core\/image\" data-wp-key=\"69dba61dab7b4\" class=\"wp-block-image size-large wp-lightbox-container\"><img loading=\"lazy\" decoding=\"async\" width=\"826\" height=\"1024\" data-wp-class--hide=\"state.isContentHidden\" data-wp-class--show=\"state.isContentVisible\" data-wp-init=\"callbacks.setButtonStyles\" data-wp-on--click=\"actions.showLightbox\" data-wp-on--load=\"callbacks.setButtonStyles\" data-wp-on-window--resize=\"callbacks.setButtonStyles\" data-id=\"38\" src=\"https:\/\/energetikweglehner.at\/wp-content\/uploads\/2026\/03\/doris-weglehner-kuenstlerin-1--826x1024.jpg\" alt=\"Doris Weglehner K\u00fcnstlerin\" class=\"wp-image-38\" srcset=\"https:\/\/energetikweglehner.at\/wp-content\/uploads\/2026\/03\/doris-weglehner-kuenstlerin-1--826x1024.jpg 826w, https:\/\/energetikweglehner.at\/wp-content\/uploads\/2026\/03\/doris-weglehner-kuenstlerin-1--242x300.jpg 242w, https:\/\/energetikweglehner.at\/wp-content\/uploads\/2026\/03\/doris-weglehner-kuenstlerin-1--768x952.jpg 768w, https:\/\/energetikweglehner.at\/wp-content\/uploads\/2026\/03\/doris-weglehner-kuenstlerin-1-.jpg 1080w\" sizes=\"auto, (max-width: 826px) 100vw, 826px\" \/><button\n\t\t\tclass=\"lightbox-trigger\"\n\t\t\ttype=\"button\"\n\t\t\taria-haspopup=\"dialog\"\n\t\t\taria-label=\"Enlarge\"\n\t\t\tdata-wp-init=\"callbacks.initTriggerButton\"\n\t\t\tdata-wp-on--click=\"actions.showLightbox\"\n\t\t\tdata-wp-style--right=\"state.imageButtonRight\"\n\t\t\tdata-wp-style--top=\"state.imageButtonTop\"\n\t\t>\n\t\t\t<svg xmlns=\"http:\/\/www.w3.org\/2000\/svg\" width=\"12\" height=\"12\" fill=\"none\" viewbox=\"0 0 12 12\">\n\t\t\t\t<path fill=\"#fff\" d=\"M2 0a2 2 0 0 0-2 2v2h1.5V2a.5.5 0 0 1 .5-.5h2V0H2Zm2 10.5H2a.5.5 0 0 1-.5-.5V8H0v2a2 2 0 0 0 2 2h2v-1.5ZM8 12v-1.5h2a.5.5 0 0 0 .5-.5V8H12v2a2 2 0 0 1-2 2H8Zm2-12a2 2 0 0 1 2 2v2h-1.5V2a.5.5 0 0 0-.5-.5H8V0h2Z\" \/>\n\t\t\t<\/svg>\n\t\t<\/button><\/figure>\n\n\n\n<figure data-wp-context=\"{&quot;imageId&quot;:&quot;69dba61dabbf2&quot;}\" data-wp-interactive=\"core\/image\" data-wp-key=\"69dba61dabbf2\" class=\"wp-block-image size-large wp-lightbox-container\"><img loading=\"lazy\" decoding=\"async\" width=\"796\" height=\"1024\" data-wp-class--hide=\"state.isContentHidden\" data-wp-class--show=\"state.isContentVisible\" data-wp-init=\"callbacks.setButtonStyles\" data-wp-on--click=\"actions.showLightbox\" data-wp-on--load=\"callbacks.setButtonStyles\" data-wp-on-window--resize=\"callbacks.setButtonStyles\" data-id=\"40\" src=\"https:\/\/energetikweglehner.at\/wp-content\/uploads\/2026\/03\/doris-weglehner-kuenstlerin-2--796x1024.jpg\" alt=\"Doris Weglehner K\u00fcnstlerin\" class=\"wp-image-40\" srcset=\"https:\/\/energetikweglehner.at\/wp-content\/uploads\/2026\/03\/doris-weglehner-kuenstlerin-2--796x1024.jpg 796w, https:\/\/energetikweglehner.at\/wp-content\/uploads\/2026\/03\/doris-weglehner-kuenstlerin-2--233x300.jpg 233w, https:\/\/energetikweglehner.at\/wp-content\/uploads\/2026\/03\/doris-weglehner-kuenstlerin-2--768x988.jpg 768w, https:\/\/energetikweglehner.at\/wp-content\/uploads\/2026\/03\/doris-weglehner-kuenstlerin-2-.jpg 1080w\" sizes=\"auto, (max-width: 796px) 100vw, 796px\" \/><button\n\t\t\tclass=\"lightbox-trigger\"\n\t\t\ttype=\"button\"\n\t\t\taria-haspopup=\"dialog\"\n\t\t\taria-label=\"Enlarge\"\n\t\t\tdata-wp-init=\"callbacks.initTriggerButton\"\n\t\t\tdata-wp-on--click=\"actions.showLightbox\"\n\t\t\tdata-wp-style--right=\"state.imageButtonRight\"\n\t\t\tdata-wp-style--top=\"state.imageButtonTop\"\n\t\t>\n\t\t\t<svg xmlns=\"http:\/\/www.w3.org\/2000\/svg\" width=\"12\" height=\"12\" fill=\"none\" viewbox=\"0 0 12 12\">\n\t\t\t\t<path fill=\"#fff\" d=\"M2 0a2 2 0 0 0-2 2v2h1.5V2a.5.5 0 0 1 .5-.5h2V0H2Zm2 10.5H2a.5.5 0 0 1-.5-.5V8H0v2a2 2 0 0 0 2 2h2v-1.5ZM8 12v-1.5h2a.5.5 0 0 0 .5-.5V8H12v2a2 2 0 0 1-2 2H8Zm2-12a2 2 0 0 1 2 2v2h-1.5V2a.5.5 0 0 0-.5-.5H8V0h2Z\" \/>\n\t\t\t<\/svg>\n\t\t<\/button><\/figure>\n\n\n\n<figure data-wp-context=\"{&quot;imageId&quot;:&quot;69dba61dabfb5&quot;}\" data-wp-interactive=\"core\/image\" data-wp-key=\"69dba61dabfb5\" class=\"wp-block-image size-large wp-lightbox-container\"><img loading=\"lazy\" decoding=\"async\" width=\"805\" height=\"1024\" data-wp-class--hide=\"state.isContentHidden\" data-wp-class--show=\"state.isContentVisible\" data-wp-init=\"callbacks.setButtonStyles\" data-wp-on--click=\"actions.showLightbox\" data-wp-on--load=\"callbacks.setButtonStyles\" data-wp-on-window--resize=\"callbacks.setButtonStyles\" data-id=\"39\" src=\"https:\/\/energetikweglehner.at\/wp-content\/uploads\/2026\/03\/doris-weglehner-kuenstlerin-3--805x1024.jpg\" alt=\"Doris Weglehner K\u00fcnstlerin\" class=\"wp-image-39\" srcset=\"https:\/\/energetikweglehner.at\/wp-content\/uploads\/2026\/03\/doris-weglehner-kuenstlerin-3--805x1024.jpg 805w, https:\/\/energetikweglehner.at\/wp-content\/uploads\/2026\/03\/doris-weglehner-kuenstlerin-3--236x300.jpg 236w, https:\/\/energetikweglehner.at\/wp-content\/uploads\/2026\/03\/doris-weglehner-kuenstlerin-3--768x976.jpg 768w, https:\/\/energetikweglehner.at\/wp-content\/uploads\/2026\/03\/doris-weglehner-kuenstlerin-3-.jpg 1080w\" sizes=\"auto, (max-width: 805px) 100vw, 805px\" \/><button\n\t\t\tclass=\"lightbox-trigger\"\n\t\t\ttype=\"button\"\n\t\t\taria-haspopup=\"dialog\"\n\t\t\taria-label=\"Enlarge\"\n\t\t\tdata-wp-init=\"callbacks.initTriggerButton\"\n\t\t\tdata-wp-on--click=\"actions.showLightbox\"\n\t\t\tdata-wp-style--right=\"state.imageButtonRight\"\n\t\t\tdata-wp-style--top=\"state.imageButtonTop\"\n\t\t>\n\t\t\t<svg xmlns=\"http:\/\/www.w3.org\/2000\/svg\" width=\"12\" height=\"12\" fill=\"none\" viewbox=\"0 0 12 12\">\n\t\t\t\t<path fill=\"#fff\" d=\"M2 0a2 2 0 0 0-2 2v2h1.5V2a.5.5 0 0 1 .5-.5h2V0H2Zm2 10.5H2a.5.5 0 0 1-.5-.5V8H0v2a2 2 0 0 0 2 2h2v-1.5ZM8 12v-1.5h2a.5.5 0 0 0 .5-.5V8H12v2a2 2 0 0 1-2 2H8Zm2-12a2 2 0 0 1 2 2v2h-1.5V2a.5.5 0 0 0-.5-.5H8V0h2Z\" \/>\n\t\t\t<\/svg>\n\t\t<\/button><\/figure>\n\n\n\n<figure data-wp-context=\"{&quot;imageId&quot;:&quot;69dba61dad028&quot;}\" data-wp-interactive=\"core\/image\" data-wp-key=\"69dba61dad028\" class=\"wp-block-image size-large wp-lightbox-container\"><img loading=\"lazy\" decoding=\"async\" width=\"768\" height=\"1024\" data-wp-class--hide=\"state.isContentHidden\" data-wp-class--show=\"state.isContentVisible\" data-wp-init=\"callbacks.setButtonStyles\" data-wp-on--click=\"actions.showLightbox\" data-wp-on--load=\"callbacks.setButtonStyles\" data-wp-on-window--resize=\"callbacks.setButtonStyles\" data-id=\"37\" src=\"https:\/\/energetikweglehner.at\/wp-content\/uploads\/2026\/03\/doris-weglehner-kuenstlerin-768x1024.jpeg\" alt=\"Doris Weglehner K\u00fcnstlerin\" class=\"wp-image-37\" srcset=\"https:\/\/energetikweglehner.at\/wp-content\/uploads\/2026\/03\/doris-weglehner-kuenstlerin-768x1024.jpeg 768w, https:\/\/energetikweglehner.at\/wp-content\/uploads\/2026\/03\/doris-weglehner-kuenstlerin-225x300.jpeg 225w, https:\/\/energetikweglehner.at\/wp-content\/uploads\/2026\/03\/doris-weglehner-kuenstlerin-rotated.jpeg 1080w\" sizes=\"auto, (max-width: 768px) 100vw, 768px\" \/><button\n\t\t\tclass=\"lightbox-trigger\"\n\t\t\ttype=\"button\"\n\t\t\taria-haspopup=\"dialog\"\n\t\t\taria-label=\"Enlarge\"\n\t\t\tdata-wp-init=\"callbacks.initTriggerButton\"\n\t\t\tdata-wp-on--click=\"actions.showLightbox\"\n\t\t\tdata-wp-style--right=\"state.imageButtonRight\"\n\t\t\tdata-wp-style--top=\"state.imageButtonTop\"\n\t\t>\n\t\t\t<svg xmlns=\"http:\/\/www.w3.org\/2000\/svg\" width=\"12\" height=\"12\" fill=\"none\" viewbox=\"0 0 12 12\">\n\t\t\t\t<path fill=\"#fff\" d=\"M2 0a2 2 0 0 0-2 2v2h1.5V2a.5.5 0 0 1 .5-.5h2V0H2Zm2 10.5H2a.5.5 0 0 1-.5-.5V8H0v2a2 2 0 0 0 2 2h2v-1.5ZM8 12v-1.5h2a.5.5 0 0 0 .5-.5V8H12v2a2 2 0 0 1-2 2H8Zm2-12a2 2 0 0 1 2 2v2h-1.5V2a.5.5 0 0 0-.5-.5H8V0h2Z\" \/>\n\t\t\t<\/svg>\n\t\t<\/button><\/figure>\n<\/figure>","protected":false},"excerpt":{"rendered":"<p>Ich durfte meine \u00e4ltere Schwester, Manuela Eibensteiner, zu ihrer Ausstellung nach Venedig begleiten.Durch viele Erfahrungen und Aussagen anderer Menschen \u2013 man k\u00f6nne dies nicht und jenes nicht \u2013 glaubte ich lange Zeit, dass ich nicht malen kann. Und doch bereitete es mir im stillen K\u00e4mmerchen immer schon gro\u00dfe Freude. Was in der Galerie in Venedig geschah, l\u00e4sst sich kaum in Worte fassen.Ich traute mich, meiner Schwester mein gerade entstandenes\u00a0L\u00f6wenkraftbild\u00a0zu zeigen und sie zu fragen, was sie davon h\u00e4lt. In ihren Augen sah ich pure Freude.Das gab mir den Mut, auch dem Galerieleiter mein Bild zu zeigen \u2013 eher keck und ohne gro\u00dfe Erwartungen. Oh mein Gott \u2026 auch er war begeistert. Ungl\u00e4ubig fragte ich ihn, ob er das ernst meine und ob ihm mein Werk wirklich gefalle.Er bejahte erneut \u2013 und forderte mich auf,\u00a0weiterzumachen, noch mehr Werke zu erschaffen und sogar an eine\u00a0eigene Ausstellung\u00a0zu denken. In diesem Moment war ich v\u00f6llig \u00fcberfordert. Wie sollte ich das zeitlich schaffen? Doch was ab diesem Zeitpunkt \u2013 seit September 2025 bis heute \u2013 folgte, ist\u00a0Energetik pur. Ich habe inzwischen sehr, sehr viele Werke erschaffen. Woher diese Kraft und diese Zeit kommen, kann ich nicht erkl\u00e4ren. Es erf\u00fcllt mich mit tiefer Freude, und jeden Tag bin ich aufs Neue inspiriert. Wenn ich keine Leinwand mehr zu Hause habe, wird sofort eine neue gekauft. Von Herzen danke ich auch meinem Ehemann, der mich stets liebevoll und tatkr\u00e4ftig unterst\u00fctzt. Besonders gl\u00fccklich bin ich dar\u00fcber, meine\u00a0Tochter\u00a0als Marketing-Unterst\u00fctzung an meiner Seite zu haben. Es erf\u00fcllt mich mit gro\u00dfer Freude, dass ich auch sie inspirieren und begeistern konnte, selbst kreativ zu werden und eigene Werke entstehen zu lassen. Hier ein kleiner Auszug davon.<\/p>","protected":false},"author":1,"featured_media":0,"parent":9,"menu_order":0,"comment_status":"closed","ping_status":"closed","template":"","meta":{"footnotes":""},"class_list":["post-36","page","type-page","status-publish","hentry"],"_links":{"self":[{"href":"https:\/\/energetikweglehner.at\/en\/wp-json\/wp\/v2\/pages\/36","targetHints":{"allow":["GET"]}}],"collection":[{"href":"https:\/\/energetikweglehner.at\/en\/wp-json\/wp\/v2\/pages"}],"about":[{"href":"https:\/\/energetikweglehner.at\/en\/wp-json\/wp\/v2\/types\/page"}],"author":[{"embeddable":true,"href":"https:\/\/energetikweglehner.at\/en\/wp-json\/wp\/v2\/users\/1"}],"replies":[{"embeddable":true,"href":"https:\/\/energetikweglehner.at\/en\/wp-json\/wp\/v2\/comments?post=36"}],"version-history":[{"count":5,"href":"https:\/\/energetikweglehner.at\/en\/wp-json\/wp\/v2\/pages\/36\/revisions"}],"predecessor-version":[{"id":124,"href":"https:\/\/energetikweglehner.at\/en\/wp-json\/wp\/v2\/pages\/36\/revisions\/124"}],"up":[{"embeddable":true,"href":"https:\/\/energetikweglehner.at\/en\/wp-json\/wp\/v2\/pages\/9"}],"wp:attachment":[{"href":"https:\/\/energetikweglehner.at\/en\/wp-json\/wp\/v2\/media?parent=36"}],"curies":[{"name":"wp","href":"https:\/\/api.w.org\/{rel}","templated":true}]}}