{"id":26,"date":"2026-03-20T07:51:51","date_gmt":"2026-03-20T06:51:51","guid":{"rendered":"https:\/\/energetikweglehner.at\/?page_id=26"},"modified":"2026-03-24T15:01:15","modified_gmt":"2026-03-24T14:01:15","slug":"himmelskraft","status":"publish","type":"page","link":"https:\/\/energetikweglehner.at\/en\/himmelskraft\/","title":{"rendered":"Spirit of Sky"},"content":{"rendered":"<h2 class=\"wp-block-heading\">Spirit of Sky <\/h2>\n\n\n\n<p>He is there, far above us, and yet as close as a breath.<br>The sky itself carries him \u2013 boundless, free, watchful.<br>If you pause and look, he will enter your presence.<\/p>\n\n\n\n<p>Not to demand, but to remind you:<br>You are part of the vast river of light and air, of expansiveness and freedom.<br>His call is quiet, but those who listen find clarity, inspiration, and the courage to see beyond boundaries.<\/p>\n\n\n\n<p>The spirit of heaven reveals itself only to those who are willing to open themselves.<br>Wer ihn sp\u00fcrt, tr\u00e4gt ein St\u00fcck von unendlicher Weite in sich weiter \u2013 \u00fcberall hin.<\/p>\n\n\n\n<figure class=\"wp-block-gallery has-nested-images columns-default is-cropped wp-block-gallery-1 is-layout-flex wp-block-gallery-is-layout-flex\">\n<figure class=\"wp-block-image size-large\"><img loading=\"lazy\" decoding=\"async\" width=\"750\" height=\"1024\" data-id=\"27\" src=\"https:\/\/energetikweglehner.at\/wp-content\/uploads\/2026\/03\/Storms-Guardian-Hueter-des-Sturms--750x1024.jpeg\" alt=\"Storm\u2019s Guardian \u2013 DER H\u00dcTER DES STURMS\" class=\"wp-image-27\" srcset=\"https:\/\/energetikweglehner.at\/wp-content\/uploads\/2026\/03\/Storms-Guardian-Hueter-des-Sturms--750x1024.jpeg 750w, https:\/\/energetikweglehner.at\/wp-content\/uploads\/2026\/03\/Storms-Guardian-Hueter-des-Sturms--220x300.jpeg 220w, https:\/\/energetikweglehner.at\/wp-content\/uploads\/2026\/03\/Storms-Guardian-Hueter-des-Sturms--768x1049.jpeg 768w, https:\/\/energetikweglehner.at\/wp-content\/uploads\/2026\/03\/Storms-Guardian-Hueter-des-Sturms-.jpeg 1080w\" sizes=\"auto, (max-width: 750px) 100vw, 750px\" \/><figcaption class=\"wp-element-caption\">Storm\u2019s Guardian \u2013<br>DER H\u00dcTER DES STURMS<\/figcaption><\/figure>\n\n\n\n<figure class=\"wp-block-image size-large\"><img loading=\"lazy\" decoding=\"async\" width=\"240\" height=\"320\" data-id=\"170\" src=\"https:\/\/energetikweglehner.at\/wp-content\/uploads\/2026\/03\/EA224D5F-0B7A-4721-975B-F4E49EF20AE3-rotated.jpg\" alt=\"\" class=\"wp-image-170\" srcset=\"https:\/\/energetikweglehner.at\/wp-content\/uploads\/2026\/03\/EA224D5F-0B7A-4721-975B-F4E49EF20AE3-rotated.jpg 240w, https:\/\/energetikweglehner.at\/wp-content\/uploads\/2026\/03\/EA224D5F-0B7A-4721-975B-F4E49EF20AE3-225x300.jpg 225w, https:\/\/energetikweglehner.at\/wp-content\/uploads\/2026\/03\/EA224D5F-0B7A-4721-975B-F4E49EF20AE3-9x12.jpg 9w\" sizes=\"auto, (max-width: 240px) 100vw, 240px\" \/><figcaption class=\"wp-element-caption\">The Cloud&#8217;s Call &#8211; <br>DER RUF AUS DEN WOLKEN<\/figcaption><\/figure>\n<\/figure>","protected":false},"excerpt":{"rendered":"<p>Himmelskraft Er ist da, weit \u00fcber uns, und doch nah wie ein Atemzug.Der Himmel selbst tr\u00e4gt ihn \u2013 grenzenlos, frei, wachsam.Wenn du inneh\u00e4ltst und nach oben blickst, tritt er zu dir ein. Nicht, um zu fordern, sondern um dich zu erinnern:Du bist Teil des weiten Flusses von Licht und Luft, von Weite und Freiheit.Sein Ruf ist leise, doch wer h\u00f6rt, findet Klarheit, Inspiration und den Mut, \u00fcber Grenzen hinaus zu sehen. Der Spirit des Himmels zeigt sich nur denen, die bereit sind, sich zu \u00f6ffnen.Wer ihn sp\u00fcrt, tr\u00e4gt ein St\u00fcck von unendlicher Weite in sich weiter \u2013 \u00fcberall hin.<\/p>","protected":false},"author":1,"featured_media":0,"parent":0,"menu_order":0,"comment_status":"closed","ping_status":"closed","template":"","meta":{"footnotes":""},"class_list":["post-26","page","type-page","status-publish","hentry"],"_links":{"self":[{"href":"https:\/\/energetikweglehner.at\/en\/wp-json\/wp\/v2\/pages\/26","targetHints":{"allow":["GET"]}}],"collection":[{"href":"https:\/\/energetikweglehner.at\/en\/wp-json\/wp\/v2\/pages"}],"about":[{"href":"https:\/\/energetikweglehner.at\/en\/wp-json\/wp\/v2\/types\/page"}],"author":[{"embeddable":true,"href":"https:\/\/energetikweglehner.at\/en\/wp-json\/wp\/v2\/users\/1"}],"replies":[{"embeddable":true,"href":"https:\/\/energetikweglehner.at\/en\/wp-json\/wp\/v2\/comments?post=26"}],"version-history":[{"count":4,"href":"https:\/\/energetikweglehner.at\/en\/wp-json\/wp\/v2\/pages\/26\/revisions"}],"predecessor-version":[{"id":171,"href":"https:\/\/energetikweglehner.at\/en\/wp-json\/wp\/v2\/pages\/26\/revisions\/171"}],"wp:attachment":[{"href":"https:\/\/energetikweglehner.at\/en\/wp-json\/wp\/v2\/media?parent=26"}],"curies":[{"name":"wp","href":"https:\/\/api.w.org\/{rel}","templated":true}]}}