{"id":20,"date":"2026-03-20T07:47:32","date_gmt":"2026-03-20T06:47:32","guid":{"rendered":"https:\/\/energetikweglehner.at\/?page_id=20"},"modified":"2026-03-22T12:58:19","modified_gmt":"2026-03-22T11:58:19","slug":"kunst","status":"publish","type":"page","link":"https:\/\/energetikweglehner.at\/en\/kunst\/","title":{"rendered":"Current series"},"content":{"rendered":"<h3 class=\"wp-block-heading has-text-align-center\"><strong>Impulses of Power \u2013 The Five Elements of the Spirit<\/strong>\u00a0<\/h3>\n\n\n\n<p>This series of works invites you to delve into the multifaceted dimensions of power \u2013 to feel the invisible energy behind each image. From the Divine Source to the vast sky, from the earth to nature spirits and the power of lions. Each work is a window to an unseen presence.<\/p>\n\n\n\n<h4 class=\"wp-block-heading\"><strong>Spirit of Lion\u00a0<\/strong><\/h4>\n\n\n\n<ul class=\"wp-block-list\">\n<li>Courage, strength, presence<\/li>\n\n\n\n<li>It bestows courage, strength, and presence that grow from one's own depths.<\/li>\n<\/ul>\n\n\n\n<h4 class=\"wp-block-heading\"><strong>Nature spirits &amp; Mysticism<\/strong><\/h4>\n\n\n\n<ul class=\"wp-block-list\">\n<li>Nature beings, hidden, mystical forces \u2013<\/li>\n\n\n\n<li>They open our eyes to the invisible and the hidden energy of the world.<\/li>\n<\/ul>\n\n\n\n<h4 class=\"wp-block-heading\"><strong>Spirit of Earth<\/strong>\u00a0<\/h4>\n\n\n\n<ul class=\"wp-block-list\">\n<li>Earth, life force, connection to the earth<\/li>\n\n\n\n<li>It shows the strength of the roots, stability and the pulse of life.<\/li>\n<\/ul>\n\n\n\n<h4 class=\"wp-block-heading\"><strong>Spirit of Sky<\/strong><\/h4>\n\n\n\n<ul class=\"wp-block-list\">\n<li>Vastness, freedom, inspiration<\/li>\n\n\n\n<li>It leads to vastness, freedom, and inspiration that transcend the visible.<\/li>\n<\/ul>\n\n\n\n<h4 class=\"wp-block-heading\"><strong>All Connected<\/strong><\/h4>\n\n\n\n<ul class=\"wp-block-list\">\n<li>Origin, connection, spirit<\/li>\n\n\n\n<li>connects all life and lets us feel unity.<\/li>\n<\/ul>\n\n\n\n<hr class=\"wp-block-separator has-alpha-channel-opacity\"\/>\n\n\n\n<p><strong>Each piece is unique. Includes a poetic narrative and a certificate of authenticity.<\/strong><\/p>","protected":false},"excerpt":{"rendered":"<p>Impulse der Kraft \u2013 Die f\u00fcnf Elemente des Geistes\u00a0 Diese Serie von Werken l\u00e4dt ein, in die vielf\u00e4ltigen Dimensionen der Kraft einzutauchen \u2013 die unsichtbare Energie hinter jedem Bild zu sp\u00fcren. Von der G\u00f6ttlichen Quelle bis zum weiten Himmel, von der Erde bis zu den Naturwesen und der L\u00f6wenkraft. Jedes Werk ist ein Fenster zu einer unsichtbaren Pr\u00e4senz: L\u00f6wenkraft\u00a0 Naturwesen &amp; Mystik Erdkraft\u00a0 Himmelskraft G\u00f6ttliche Quelle Jedes Werk ist ein Unikat. Beinhaltet eine poetische Erz\u00e4hlung und ein Echtheitszertifikat.<\/p>","protected":false},"author":1,"featured_media":0,"parent":0,"menu_order":0,"comment_status":"closed","ping_status":"closed","template":"","meta":{"footnotes":""},"class_list":["post-20","page","type-page","status-publish","hentry"],"_links":{"self":[{"href":"https:\/\/energetikweglehner.at\/en\/wp-json\/wp\/v2\/pages\/20","targetHints":{"allow":["GET"]}}],"collection":[{"href":"https:\/\/energetikweglehner.at\/en\/wp-json\/wp\/v2\/pages"}],"about":[{"href":"https:\/\/energetikweglehner.at\/en\/wp-json\/wp\/v2\/types\/page"}],"author":[{"embeddable":true,"href":"https:\/\/energetikweglehner.at\/en\/wp-json\/wp\/v2\/users\/1"}],"replies":[{"embeddable":true,"href":"https:\/\/energetikweglehner.at\/en\/wp-json\/wp\/v2\/comments?post=20"}],"version-history":[{"count":10,"href":"https:\/\/energetikweglehner.at\/en\/wp-json\/wp\/v2\/pages\/20\/revisions"}],"predecessor-version":[{"id":142,"href":"https:\/\/energetikweglehner.at\/en\/wp-json\/wp\/v2\/pages\/20\/revisions\/142"}],"wp:attachment":[{"href":"https:\/\/energetikweglehner.at\/en\/wp-json\/wp\/v2\/media?parent=20"}],"curies":[{"name":"wp","href":"https:\/\/api.w.org\/{rel}","templated":true}]}}