{"id":106,"date":"2026-03-20T15:52:42","date_gmt":"2026-03-20T14:52:42","guid":{"rendered":"https:\/\/energetikweglehner.at\/?page_id=106"},"modified":"2026-03-20T15:52:42","modified_gmt":"2026-03-20T14:52:42","slug":"meine-kunst","status":"publish","type":"page","link":"https:\/\/energetikweglehner.at\/en\/meine-kunst\/","title":{"rendered":"My art"},"content":{"rendered":"<blockquote class=\"wp-block-quote is-layout-flow wp-block-quote-is-layout-flow\">\n<p class=\"has-text-align-center\"><strong>Gnothi seauton \u2013 \u201eNow yourself\u201c<\/strong><\/p>\n\n\n\n<p class=\"has-text-align-center\"><strong>Sokrates<\/strong><\/p>\n<\/blockquote>\n\n\n\n<hr class=\"wp-block-separator has-alpha-channel-opacity\"\/>\n\n\n\n<p>In my works, ancient guardians of nature awaken to new life. They are neither animal nor spirit, but fleeting traces of a world beyond the visible \u2013 a world in which time and space dissolve.<\/p>\n\n\n\n<p>I speak of the deep connection between humankind and nature, and of the magic that resides in its partly invisible, partly hidden, partly revealed essence. My works are meant not only to be seen, but also felt.<\/p>\n\n\n\n<p>They invite you to pause and embark on a journey into hidden worlds \u2013 spaces where silence, movement, and memory intertwine. They are stories of humanity's deep longing to reconnect with this ancient power.<\/p>\n\n\n\n<p>All works are unique pieces on canvas. They are created in an intuitive, spiritual creative process using acrylic paint \u2013 each work is unique and imbued with spirit. Every original comes with a Certificate of Authenticity.<\/p>\n\n\n\n<hr class=\"wp-block-separator has-alpha-channel-opacity\"\/>\n\n\n\n<blockquote class=\"wp-block-quote is-layout-flow wp-block-quote-is-layout-flow\">\n<p>Every work should be an act of listening.<br>Each color a spiritual awakening.<br>A prayer.<br>The awakening of a language of the invisible.<br>A trace of what reminds us of who we truly are \u2013 part of the whole.<\/p>\n\n\n\n<p>I understand my art as a form of listening:<br>the sound of the wind,<br>the whisper of old trees,<br>the radiance of the sun,<br>the scent of the plants,<br>the expression of silence<br>and the inner voice.<\/p>\n\n\n\n<p>Every work emerges from this dialogue \u2013<br>not as a representation,<br>but as a reflection of a living, animate world.<\/p>\n<\/blockquote>","protected":false},"excerpt":{"rendered":"<p>Gnothi seauton \u2013 \u201eErkenne dich selbst\u201c Sokrates In meinen Werken erwachen uralte W\u00e4chter der Natur zu neuem Leben. Sie sind weder Tier noch Geist, sondern fl\u00fcchtige Spuren einer Welt jenseits des Sichtbaren \u2013 einer Welt, in der sich Zeit und Raum aufl\u00f6sen. Ich erz\u00e4hle von der tiefen Verbundenheit des Menschen mit der Natur und von der Magie, die in ihren teils unsichtbaren, teils verborgenen, teils offenbaren Wesen wohnt. Meine Arbeiten wollen nicht nur gesehen, sondern gesp\u00fcrt werden. Sie laden dazu ein, innezuhalten und sich auf eine Reise in verborgene Welten zu begeben \u2013 R\u00e4ume, in denen Stille, Bewegung und Erinnerung ineinanderflie\u00dfen. Es sind Geschichten von der tiefen Sehnsucht des Menschen, sich wieder mit dieser uralten Kraft zu verbinden. Alle Werke sind Unikate auf Leinwand. Sie entstehen in einem intuitiven, spirituellen Schaffensprozess mit Acrylfarbe \u2013 jedes Werk einzigartig und beseelt. Jedes Original wird mit einem Echtheitszertifikat (Certificate of Authenticity) versehen. Jedes Werk soll ein Lauschen sein.Jede Farbe ein spirituelles Erwachen.Ein Gebet.Die Erweckung einer Sprache des Unsichtbaren.Eine Spur dessen, was uns daran erinnert, wer wir wirklich sind \u2013 Teil des Ganzen. Ich verstehe meine Kunst als eine Form des Zuh\u00f6rens:dem Rauschen des Windes,dem Fl\u00fcstern alter B\u00e4ume,dem Glanz der Sonne,dem Duft der Pflanzen,dem Ausdruck der Stilleund der Stimme des Inneren. Jedes Werk entsteht aus diesem Dialog \u2013nicht als Abbild,sondern als Spiegel einer lebendigen, beseelten Welt.<\/p>","protected":false},"author":2,"featured_media":0,"parent":0,"menu_order":0,"comment_status":"closed","ping_status":"closed","template":"","meta":{"footnotes":""},"class_list":["post-106","page","type-page","status-publish","hentry"],"_links":{"self":[{"href":"https:\/\/energetikweglehner.at\/en\/wp-json\/wp\/v2\/pages\/106","targetHints":{"allow":["GET"]}}],"collection":[{"href":"https:\/\/energetikweglehner.at\/en\/wp-json\/wp\/v2\/pages"}],"about":[{"href":"https:\/\/energetikweglehner.at\/en\/wp-json\/wp\/v2\/types\/page"}],"author":[{"embeddable":true,"href":"https:\/\/energetikweglehner.at\/en\/wp-json\/wp\/v2\/users\/2"}],"replies":[{"embeddable":true,"href":"https:\/\/energetikweglehner.at\/en\/wp-json\/wp\/v2\/comments?post=106"}],"version-history":[{"count":1,"href":"https:\/\/energetikweglehner.at\/en\/wp-json\/wp\/v2\/pages\/106\/revisions"}],"predecessor-version":[{"id":107,"href":"https:\/\/energetikweglehner.at\/en\/wp-json\/wp\/v2\/pages\/106\/revisions\/107"}],"wp:attachment":[{"href":"https:\/\/energetikweglehner.at\/en\/wp-json\/wp\/v2\/media?parent=106"}],"curies":[{"name":"wp","href":"https:\/\/api.w.org\/{rel}","templated":true}]}}